{"id":1433,"date":"2019-01-31T15:08:25","date_gmt":"2019-01-31T14:08:25","guid":{"rendered":"http:\/\/dev.nice-team.eu\/wp\/?page_id=1433"},"modified":"2023-07-20T18:24:04","modified_gmt":"2023-07-20T16:24:04","slug":"landing-page-2","status":"publish","type":"page","link":"https:\/\/www.nice-team.eu\/wp\/","title":{"rendered":"niCe-Team"},"content":{"rendered":"<div class=\"wpb-content-wrapper\"><p>[vc_row][vc_column][rev_slider_vc alias=&#8221;paintbrush-addon&#8221; enable_paspartu=&#8221;no&#8221;][\/vc_column][\/vc_row][vc_row css=&#8221;.vc_custom_1557409540112{padding-top: 22px !important;padding-bottom: 22px !important;}&#8221;][vc_column]<div class=\"edgtf-section-title-holder  edgtf-st-minimal \" style=\"text-align: left\">\n    <div class=\"edgtf-st-inner\">\n                    <h5 class=\"edgtf-st-title\" >\n            News            <\/h5>\n            <\/div>\n<\/div>[\/vc_column][\/vc_row][vc_row][vc_column][vc_row_inner][vc_column_inner]<div class=\"edgtf-blog-slider-holder edgtf-bs-carousel-centered\">\n\t<ul class=\"edgtf-blog-slider edgtf-owl-slider\" data-post-info-excerpt=\"yes\" data-number-of-items=\"2\" data-slider-margin=\"30\" data-enable-center=\"yes\" data-enable-navigation=\"no\" data-enable-pagination=\"no\">\n\t\t<li class=\"edgtf-blog-slider-item\">\n    <div class=\"edgtf-blog-slider-item-inner\">\n        <div class=\"edgtf-item-image\">\n            <a itemprop=\"url\" href=\"https:\/\/www.nice-team.eu\/wp\/strawberry-field\/\">\n                <img fetchpriority=\"high\" decoding=\"async\" width=\"3840\" height=\"2160\" src=\"https:\/\/www.nice-team.eu\/wp\/wp-content\/uploads\/2024\/08\/STRAWBERRY_FIELD.png\" class=\"attachment-full size-full wp-post-image\" alt=\"\" srcset=\"https:\/\/www.nice-team.eu\/wp\/wp-content\/uploads\/2024\/08\/STRAWBERRY_FIELD.png 3840w, https:\/\/www.nice-team.eu\/wp\/wp-content\/uploads\/2024\/08\/STRAWBERRY_FIELD-300x169.png 300w, https:\/\/www.nice-team.eu\/wp\/wp-content\/uploads\/2024\/08\/STRAWBERRY_FIELD-1920x1080.png 1920w, https:\/\/www.nice-team.eu\/wp\/wp-content\/uploads\/2024\/08\/STRAWBERRY_FIELD-768x432.png 768w, https:\/\/www.nice-team.eu\/wp\/wp-content\/uploads\/2024\/08\/STRAWBERRY_FIELD-1536x864.png 1536w, https:\/\/www.nice-team.eu\/wp\/wp-content\/uploads\/2024\/08\/STRAWBERRY_FIELD-600x338.png 600w\" sizes=\"(max-width: 3840px) 100vw, 3840px\" \/>            <\/a>\n        <\/div>\n        <div class=\"edgtf-item-text-wrapper\">\n            <div class=\"edgtf-item-text-holder\">\n                <div class=\"edgtf-item-text-holder-inner\">\n\t                \t\t                <div class=\"edgtf-item-info-section\">\n\t\t\t                <div class=\"edgtf-post-info-category\">\n    <a href=\"https:\/\/www.nice-team.eu\/wp\/category\/all-in\/\" rel=\"category tag\">Allgemein<\/a> <a href=\"https:\/\/www.nice-team.eu\/wp\/category\/arma-3\/\" rel=\"category tag\">ArmA 3<\/a> <a href=\"https:\/\/www.nice-team.eu\/wp\/category\/arma-3\/arma-3-teamabend\/\" rel=\"category tag\">ArmA 3 - Teamabend<\/a> <a href=\"https:\/\/www.nice-team.eu\/wp\/category\/nice-news\/\" rel=\"category tag\">niCe - News<\/a> <a href=\"https:\/\/www.nice-team.eu\/wp\/category\/nice-news\/nice-shout-out\/\" rel=\"category tag\">niCe - SHOUT OUT<\/a><\/div>\t\t                <\/div>\n\t                \t\n\t                \n<h5 itemprop=\"name\" class=\"entry-title edgtf-post-title\" >\n            <a itemprop=\"url\" href=\"https:\/\/www.nice-team.eu\/wp\/strawberry-field\/\" title=\"STRAWBERRY FIELD\">\n            STRAWBERRY FIELD            <\/a>\n    <\/h5>\n                    <div itemprop=\"dateCreated\" class=\"edgtf-post-info-date entry-date published updated\">\n            <a itemprop=\"url\" href=\"https:\/\/www.nice-team.eu\/wp\/2024\/08\/\">\n    \n        31. August 2024        <\/a>\n    <meta itemprop=\"interactionCount\" content=\"UserComments: 0\"\/>\n<\/div>                    \t\t<div class=\"edgtf-post-excerpt-holder\">\n\t\t\t<p itemprop=\"description\" class=\"edgtf-post-excerpt\">\n\t\t\t\tDas niCe-Team l\u00e4dt zum Arma 3 COOP Abend | STRAWBERRY FIELD| Am 20.09.2024 -\t\t\t<\/p>\n\t\t<\/div>\n\t                <\/div>\n            <\/div>\n        <\/div>\n    <\/div>\n<\/li><li class=\"edgtf-blog-slider-item\">\n    <div class=\"edgtf-blog-slider-item-inner\">\n        <div class=\"edgtf-item-image\">\n            <a itemprop=\"url\" href=\"https:\/\/www.nice-team.eu\/wp\/uncertain-times-campaign-first-patrol\/\">\n                <img decoding=\"async\" width=\"2560\" height=\"1440\" src=\"https:\/\/www.nice-team.eu\/wp\/wp-content\/uploads\/2024\/01\/FIRST_PATROL_-_ORIGINAL-EDIT-scaled.jpg\" class=\"attachment-full size-full wp-post-image\" alt=\"\" srcset=\"https:\/\/www.nice-team.eu\/wp\/wp-content\/uploads\/2024\/01\/FIRST_PATROL_-_ORIGINAL-EDIT-scaled.jpg 2560w, https:\/\/www.nice-team.eu\/wp\/wp-content\/uploads\/2024\/01\/FIRST_PATROL_-_ORIGINAL-EDIT-300x169.jpg 300w, https:\/\/www.nice-team.eu\/wp\/wp-content\/uploads\/2024\/01\/FIRST_PATROL_-_ORIGINAL-EDIT-1920x1080.jpg 1920w, https:\/\/www.nice-team.eu\/wp\/wp-content\/uploads\/2024\/01\/FIRST_PATROL_-_ORIGINAL-EDIT-768x432.jpg 768w, https:\/\/www.nice-team.eu\/wp\/wp-content\/uploads\/2024\/01\/FIRST_PATROL_-_ORIGINAL-EDIT-1536x864.jpg 1536w, https:\/\/www.nice-team.eu\/wp\/wp-content\/uploads\/2024\/01\/FIRST_PATROL_-_ORIGINAL-EDIT-600x338.jpg 600w\" sizes=\"(max-width: 2560px) 100vw, 2560px\" \/>            <\/a>\n        <\/div>\n        <div class=\"edgtf-item-text-wrapper\">\n            <div class=\"edgtf-item-text-holder\">\n                <div class=\"edgtf-item-text-holder-inner\">\n\t                \t\t                <div class=\"edgtf-item-info-section\">\n\t\t\t                <div class=\"edgtf-post-info-category\">\n    <a href=\"https:\/\/www.nice-team.eu\/wp\/category\/all-in\/\" rel=\"category tag\">Allgemein<\/a> <a href=\"https:\/\/www.nice-team.eu\/wp\/category\/arma-3\/\" rel=\"category tag\">ArmA 3<\/a> <a href=\"https:\/\/www.nice-team.eu\/wp\/category\/arma-3\/arma-3-teamabend\/\" rel=\"category tag\">ArmA 3 - Teamabend<\/a> <a href=\"https:\/\/www.nice-team.eu\/wp\/category\/nice-news\/\" rel=\"category tag\">niCe - News<\/a> <a href=\"https:\/\/www.nice-team.eu\/wp\/category\/nice-news\/nice-shout-out\/\" rel=\"category tag\">niCe - SHOUT OUT<\/a><\/div>\t\t                <\/div>\n\t                \t\n\t                \n<h5 itemprop=\"name\" class=\"entry-title edgtf-post-title\" >\n            <a itemprop=\"url\" href=\"https:\/\/www.nice-team.eu\/wp\/uncertain-times-campaign-first-patrol\/\" title=\"UNCERTAIN TIMES | FIRST PATROL\">\n            UNCERTAIN TIMES | FIRST PATROL            <\/a>\n    <\/h5>\n                    <div itemprop=\"dateCreated\" class=\"edgtf-post-info-date entry-date published updated\">\n            <a itemprop=\"url\" href=\"https:\/\/www.nice-team.eu\/wp\/2024\/01\/\">\n    \n        28. Januar 2024        <\/a>\n    <meta itemprop=\"interactionCount\" content=\"UserComments: 0\"\/>\n<\/div>                    \t\t<div class=\"edgtf-post-excerpt-holder\">\n\t\t\t<p itemprop=\"description\" class=\"edgtf-post-excerpt\">\n\t\t\t\tDas niCe-Team l\u00e4dt zum Arma 3 Event Abend | Campaign: UNCERTAIN TIMES | Operation:\t\t\t<\/p>\n\t\t<\/div>\n\t                <\/div>\n            <\/div>\n        <\/div>\n    <\/div>\n<\/li><li class=\"edgtf-blog-slider-item\">\n    <div class=\"edgtf-blog-slider-item-inner\">\n        <div class=\"edgtf-item-image\">\n            <a itemprop=\"url\" href=\"https:\/\/www.nice-team.eu\/wp\/13-arma-nacht\/\">\n                <img decoding=\"async\" width=\"2560\" height=\"1440\" src=\"https:\/\/www.nice-team.eu\/wp\/wp-content\/uploads\/2023\/07\/Titel_-_Kopie-scaled.jpg\" class=\"attachment-full size-full wp-post-image\" alt=\"\" srcset=\"https:\/\/www.nice-team.eu\/wp\/wp-content\/uploads\/2023\/07\/Titel_-_Kopie-scaled.jpg 2560w, https:\/\/www.nice-team.eu\/wp\/wp-content\/uploads\/2023\/07\/Titel_-_Kopie-300x169.jpg 300w, https:\/\/www.nice-team.eu\/wp\/wp-content\/uploads\/2023\/07\/Titel_-_Kopie-1920x1080.jpg 1920w, https:\/\/www.nice-team.eu\/wp\/wp-content\/uploads\/2023\/07\/Titel_-_Kopie-768x432.jpg 768w, https:\/\/www.nice-team.eu\/wp\/wp-content\/uploads\/2023\/07\/Titel_-_Kopie-1536x864.jpg 1536w, https:\/\/www.nice-team.eu\/wp\/wp-content\/uploads\/2023\/07\/Titel_-_Kopie-600x338.jpg 600w\" sizes=\"(max-width: 2560px) 100vw, 2560px\" \/>            <\/a>\n        <\/div>\n        <div class=\"edgtf-item-text-wrapper\">\n            <div class=\"edgtf-item-text-holder\">\n                <div class=\"edgtf-item-text-holder-inner\">\n\t                \t\t                <div class=\"edgtf-item-info-section\">\n\t\t\t                <div class=\"edgtf-post-info-category\">\n    <a href=\"https:\/\/www.nice-team.eu\/wp\/category\/all-in\/\" rel=\"category tag\">Allgemein<\/a> <a href=\"https:\/\/www.nice-team.eu\/wp\/category\/arma-3\/\" rel=\"category tag\">ArmA 3<\/a> <a href=\"https:\/\/www.nice-team.eu\/wp\/category\/arma-3\/arma-3-teamabend\/\" rel=\"category tag\">ArmA 3 - Teamabend<\/a> <a href=\"https:\/\/www.nice-team.eu\/wp\/category\/nice-news\/\" rel=\"category tag\">niCe - News<\/a> <a href=\"https:\/\/www.nice-team.eu\/wp\/category\/nice-news\/nice-shout-out\/\" rel=\"category tag\">niCe - SHOUT OUT<\/a><\/div>\t\t                <\/div>\n\t                \t\n\t                \n<h5 itemprop=\"name\" class=\"entry-title edgtf-post-title\" >\n            <a itemprop=\"url\" href=\"https:\/\/www.nice-team.eu\/wp\/13-arma-nacht\/\" title=\"Operation: GERBIL\">\n            Operation: GERBIL            <\/a>\n    <\/h5>\n                    <div itemprop=\"dateCreated\" class=\"edgtf-post-info-date entry-date published updated\">\n            <a itemprop=\"url\" href=\"https:\/\/www.nice-team.eu\/wp\/2023\/07\/\">\n    \n        20. Juli 2023        <\/a>\n    <meta itemprop=\"interactionCount\" content=\"UserComments: 0\"\/>\n<\/div>                    \t\t<div class=\"edgtf-post-excerpt-holder\">\n\t\t\t<p itemprop=\"description\" class=\"edgtf-post-excerpt\">\n\t\t\t\tDas niCe-Team l\u00e4dt zum Arma 3 Event Abend | \"Operation: GERBIL\" | Am 22.07.2023\t\t\t<\/p>\n\t\t<\/div>\n\t                <\/div>\n            <\/div>\n        <\/div>\n    <\/div>\n<\/li>\t<\/ul>\n<\/div>\n[\/vc_column_inner][\/vc_row_inner][\/vc_column][\/vc_row][vc_row content_placement=&#8221;middle&#8221; css=&#8221;.vc_custom_1578217978036{padding-top: 50px !important;}&#8221;][vc_column width=&#8221;1\/4&#8243;]<div class=\"edgtf-section-title-holder  edgtf-st-minimal \" style=\"text-align: left\">\n    <div class=\"edgtf-st-inner\">\n                    <h5 class=\"edgtf-st-title\" >\n            Allianz            <\/h5>\n            <\/div>\n<\/div><div class=\"edgtf-tabs  edgtf-tabs-standard \">\n\t<ul class=\"edgtf-tabs-nav clearfix\">\n\t\t\t\t\t<li>\n\t\t\t\t\t\t\t\t\t<a href=\"#tab-daa\">DAA<\/a>\n\t\t\t\t\t\t\t<\/li>\n\t\t\t<\/ul>\n\t<div class=\"edgtf-tab-container\" id=\"tab-daa-640\">[vc_single_image source=&#8221;external_link&#8221; alignment=&#8221;center&#8221; onclick=&#8221;custom_link&#8221; img_link_target=&#8221;_blank&#8221; custom_src=&#8221;http:\/\/www.deutsche-arma-allianz.de\/assets\/images\/daa-full-crop-transparent.gif&#8221; link=&#8221;http:\/\/www.deutsche-arma-allianz.de\/&#8221;]<\/div>\n<\/div>\n[\/vc_column][vc_column width=&#8221;1\/2&#8243; css=&#8221;.vc_custom_1578218712982{padding-top: 25px !important;}&#8221;]<div class=\"edgtf-section-title-holder  edgtf-st-minimal \" style=\"text-align: left\">\n    <div class=\"edgtf-st-inner\">\n                    <h5 class=\"edgtf-st-title\" >\n            Wer sind wir?            <\/h5>\n            <\/div>\n<\/div>[vc_cta h2=&#8221;&#8221; shape=&#8221;square&#8221; style=&#8221;3d&#8221; color=&#8221;black&#8221; css=&#8221;.vc_custom_1588679977999{margin-top: 2px !important;background-color: #111011 !important;}&#8221;]<\/p>\n<p><span style=\"font-size: 12pt; font-family: tahoma, arial, helvetica, sans-serif;\"><span style=\"font-size: 14pt;\"><strong>2007<\/strong> <\/span>gr\u00fcndet sich aus dem Rest des Clans Silenced Voices of Shadows <em>(SvS)<\/em> der Multigaming Clan <strong>niCe.<br \/>\n<span style=\"font-size: 14pt;\">2014\u00a0<\/span><\/strong>aus dem Clan wird ein eingetragener Verein. <em>(niCe-team Multigaming e.V.)\u00a0 \u00a0 \u00a0 \u00a0 \u00a0 \u00a0 \u00a0 \u00a0 \u00a0 \u00a0 \u00a0 \u00a0 \u00a0 \u00a0 \u00a0 \u00a0 \u00a0 \u00a0 \u00a0 \u00a0 \u00a0 \u00a0 \u00a0 \u00a0 \u00a0 \u00a0 \u00a0 \u00a0 \u00a0 \u00a0 \u00a0 \u00a0 \u00a0 \u00a0 \u00a0 \u00a0 \u00a0 \u00a0 \u00a0 \u00a0 \u00a0 \u00a0 \u00a0 \u00a0 \u00a0 \u00a0 \u00a0 \u00a0 \u00a0 \u00a0 \u00a0 \u00a0 \u00a0 \u00a0 \u00a0 \u00a0 \u00a0 \u00a0 \u00a0 \u00a0 \u00a0 \u00a0 \u00a0\u00a0<\/em><\/span><\/p>\n<p><span style=\"font-size: 12pt; font-family: tahoma, arial, helvetica, sans-serif;\">Seitdem entwickelt sich der Verein st\u00e4ndig weiter. Der Schwerpunkt liegt nach wie vor auf Milit\u00e4r Simulation.<\/span><br \/>\n<span style=\"font-size: 12pt; font-family: tahoma, arial, helvetica, sans-serif;\">Hier behaupten wir, dass wir darin auch ziemlich gut sind.\u00a0<\/span><br \/>\n<span style=\"font-size: 12pt; font-family: tahoma, arial, helvetica, sans-serif;\">Gewiss spielen wir auch unz\u00e4hlige andere Spiele. Der Verein beherbergt neben seinen Mitgliedern auch seine<\/span><br \/>\n<span style=\"font-size: 12pt; font-family: tahoma, arial, helvetica, sans-serif;\">unz\u00e4hligen G\u00e4ste. Der Verein steht f\u00fcr seine Freundlichkeit und Hilfsbereitschaft, dies ist uns besonders Wichtig.<\/span><br \/>\n<span style=\"font-family: tahoma, arial, helvetica, sans-serif; font-size: 12pt;\">Neben den bereitgestellten Servern sowie diversen Sponsoring sind wir besonders stolz auf diese einzigartige Community. <\/span><\/p>\n<p><span style=\"font-size: 12pt; font-family: tahoma, arial, helvetica, sans-serif;\">Neugierig geworden? Dann schau dich um oder komm einfach ins <a href=\"\/\/ts.nice-team.eu?port=9987\" target=\"_blank\" rel=\"noopener noreferrer\">Teamspeak<\/a>.\u00a0<\/span><\/p>\n<p>[\/vc_cta][\/vc_column][vc_column width=&#8221;1\/4&#8243;]<div class=\"edgtf-section-title-holder  edgtf-st-minimal \" style=\"text-align: left\">\n    <div class=\"edgtf-st-inner\">\n                    <h5 class=\"edgtf-st-title\" >\n            Kommunikation            <\/h5>\n            <\/div>\n<\/div><div class=\"edgtf-tabs  edgtf-tabs-standard \">\n\t<ul class=\"edgtf-tabs-nav clearfix\">\n\t\t\t\t\t<li>\n\t\t\t\t\t\t\t\t\t<a href=\"#tab-teamspeak\">TeamSpeak<\/a>\n\t\t\t\t\t\t\t<\/li>\n\t\t\t\t\t<li>\n\t\t\t\t\t\t\t\t\t<a href=\"#tab-discord\">Discord<\/a>\n\t\t\t\t\t\t\t<\/li>\n\t\t\t<\/ul>\n\t<div class=\"edgtf-tab-container\" id=\"tab-teamspeak-309\">[vc_single_image image=&#8221;1778&#8243; img_size=&#8221;205&#215;205&#8243; alignment=&#8221;center&#8221; onclick=&#8221;custom_link&#8221; link=&#8221;ts3server:\/\/ts.nice-team.eu?port=9987&#8243;]<\/div>\n<div class=\"edgtf-tab-container\" id=\"tab-discord-351\">[vc_single_image image=&#8221;1780&#8243; img_size=&#8221;364&#215;205&#8243; alignment=&#8221;center&#8221; onclick=&#8221;custom_link&#8221; link=&#8221;https:\/\/discord.gg\/Gbr3qSB&#8221;]<\/div>\n<\/div>\n[\/vc_column][\/vc_row]<\/p>\n<\/div>","protected":false},"excerpt":{"rendered":"<p>[vc_row][vc_column][rev_slider_vc alias=&#8221;paintbrush-addon&#8221; enable_paspartu=&#8221;no&#8221;][\/vc_column][\/vc_row][vc_row css=&#8221;.vc_custom_1557409540112{padding-top: 22px !important;padding-bottom: 22px !important;}&#8221;][vc_column][\/vc_column][\/vc_row][vc_row][vc_column][vc_row_inner][vc_column_inner][\/vc_column_inner][\/vc_row_inner][\/vc_column][\/vc_row][vc_row content_placement=&#8221;middle&#8221; css=&#8221;.vc_custom_1578217978036{padding-top: 50px !important;}&#8221;][vc_column width=&#8221;1\/4&#8243;][\/vc_column][vc_column width=&#8221;1\/2&#8243; css=&#8221;.vc_custom_1578218712982{padding-top: 25px !important;}&#8221;][vc_cta h2=&#8221;&#8221; shape=&#8221;square&#8221; style=&#8221;3d&#8221; color=&#8221;black&#8221; css=&#8221;.vc_custom_1588679977999{margin-top: 2px !important;background-color: #111011 !important;}&#8221;] 2007 gr\u00fcndet sich aus dem Rest des Clans Silenced Voices of Shadows (SvS) der Multigaming Clan niCe. 2014\u00a0aus dem Clan wird ein eingetragener Verein. (niCe-team Multigaming e.V.)\u00a0 [&hellip;]<\/p>\n","protected":false},"author":1,"featured_media":0,"parent":0,"menu_order":0,"comment_status":"closed","ping_status":"closed","template":"full-width.php","meta":{"footnotes":""},"class_list":["post-1433","page","type-page","status-publish","hentry"],"yoast_head":"<!-- This site is optimized with the Yoast SEO plugin v27.0 - https:\/\/yoast.com\/product\/yoast-seo-wordpress\/ -->\n<title>niCe-Team &#183; niCe.team Multigaming e.V.<\/title>\n<meta name=\"robots\" content=\"index, follow, max-snippet:-1, max-image-preview:large, max-video-preview:-1\" \/>\n<link rel=\"canonical\" href=\"https:\/\/www.nice-team.eu\/wp\/\" \/>\n<meta name=\"twitter:label1\" content=\"Gesch\u00e4tzte Lesezeit\" \/>\n\t<meta name=\"twitter:data1\" content=\"2\u00a0Minuten\" \/>\n<script type=\"application\/ld+json\" class=\"yoast-schema-graph\">{\"@context\":\"https:\/\/schema.org\",\"@graph\":[{\"@type\":\"WebPage\",\"@id\":\"https:\/\/www.nice-team.eu\/wp\/\",\"url\":\"https:\/\/www.nice-team.eu\/wp\/\",\"name\":\"niCe-Team &#183; niCe.team Multigaming e.V.\",\"isPartOf\":{\"@id\":\"https:\/\/www.nice-team.eu\/wp\/#website\"},\"datePublished\":\"2019-01-31T14:08:25+00:00\",\"dateModified\":\"2023-07-20T16:24:04+00:00\",\"breadcrumb\":{\"@id\":\"https:\/\/www.nice-team.eu\/wp\/#breadcrumb\"},\"inLanguage\":\"de\",\"potentialAction\":[{\"@type\":\"ReadAction\",\"target\":[\"https:\/\/www.nice-team.eu\/wp\/\"]}]},{\"@type\":\"BreadcrumbList\",\"@id\":\"https:\/\/www.nice-team.eu\/wp\/#breadcrumb\",\"itemListElement\":[{\"@type\":\"ListItem\",\"position\":1,\"name\":\"Startseite\",\"item\":\"https:\/\/www.nice-team.eu\/wp\/\"},{\"@type\":\"ListItem\",\"position\":2,\"name\":\"niCe-Team\"}]},{\"@type\":\"WebSite\",\"@id\":\"https:\/\/www.nice-team.eu\/wp\/#website\",\"url\":\"https:\/\/www.nice-team.eu\/wp\/\",\"name\":\"niCe.team Multigaming e.V.\",\"description\":\"Gaming Verein\",\"publisher\":{\"@id\":\"https:\/\/www.nice-team.eu\/wp\/#organization\"},\"potentialAction\":[{\"@type\":\"SearchAction\",\"target\":{\"@type\":\"EntryPoint\",\"urlTemplate\":\"https:\/\/www.nice-team.eu\/wp\/?s={search_term_string}\"},\"query-input\":{\"@type\":\"PropertyValueSpecification\",\"valueRequired\":true,\"valueName\":\"search_term_string\"}}],\"inLanguage\":\"de\"},{\"@type\":\"Organization\",\"@id\":\"https:\/\/www.nice-team.eu\/wp\/#organization\",\"name\":\"niCe-Team.eu\",\"url\":\"https:\/\/www.nice-team.eu\/wp\/\",\"logo\":{\"@type\":\"ImageObject\",\"inLanguage\":\"de\",\"@id\":\"https:\/\/www.nice-team.eu\/wp\/#\/schema\/logo\/image\/\",\"url\":\"https:\/\/www.nice-team.eu\/wp\/wp-content\/uploads\/2022\/02\/hi-resolution-transparent-1.png\",\"contentUrl\":\"https:\/\/www.nice-team.eu\/wp\/wp-content\/uploads\/2022\/02\/hi-resolution-transparent-1.png\",\"width\":4001,\"height\":4001,\"caption\":\"niCe-Team.eu\"},\"image\":{\"@id\":\"https:\/\/www.nice-team.eu\/wp\/#\/schema\/logo\/image\/\"},\"sameAs\":[\"https:\/\/www.facebook.com\/niCe.Team.eV\/\",\"https:\/\/x.com\/nice_team_ev\",\"https:\/\/www.instagram.com\/niceteam.eu\/\",\"https:\/\/www.youtube.com\/user\/niCeTeamMultigaming\"]}]}<\/script>\n<!-- \/ Yoast SEO plugin. -->","yoast_head_json":{"title":"niCe-Team &#183; niCe.team Multigaming e.V.","robots":{"index":"index","follow":"follow","max-snippet":"max-snippet:-1","max-image-preview":"max-image-preview:large","max-video-preview":"max-video-preview:-1"},"canonical":"https:\/\/www.nice-team.eu\/wp\/","twitter_misc":{"Gesch\u00e4tzte Lesezeit":"2\u00a0Minuten"},"schema":{"@context":"https:\/\/schema.org","@graph":[{"@type":"WebPage","@id":"https:\/\/www.nice-team.eu\/wp\/","url":"https:\/\/www.nice-team.eu\/wp\/","name":"niCe-Team &#183; niCe.team Multigaming e.V.","isPartOf":{"@id":"https:\/\/www.nice-team.eu\/wp\/#website"},"datePublished":"2019-01-31T14:08:25+00:00","dateModified":"2023-07-20T16:24:04+00:00","breadcrumb":{"@id":"https:\/\/www.nice-team.eu\/wp\/#breadcrumb"},"inLanguage":"de","potentialAction":[{"@type":"ReadAction","target":["https:\/\/www.nice-team.eu\/wp\/"]}]},{"@type":"BreadcrumbList","@id":"https:\/\/www.nice-team.eu\/wp\/#breadcrumb","itemListElement":[{"@type":"ListItem","position":1,"name":"Startseite","item":"https:\/\/www.nice-team.eu\/wp\/"},{"@type":"ListItem","position":2,"name":"niCe-Team"}]},{"@type":"WebSite","@id":"https:\/\/www.nice-team.eu\/wp\/#website","url":"https:\/\/www.nice-team.eu\/wp\/","name":"niCe.team Multigaming e.V.","description":"Gaming Verein","publisher":{"@id":"https:\/\/www.nice-team.eu\/wp\/#organization"},"potentialAction":[{"@type":"SearchAction","target":{"@type":"EntryPoint","urlTemplate":"https:\/\/www.nice-team.eu\/wp\/?s={search_term_string}"},"query-input":{"@type":"PropertyValueSpecification","valueRequired":true,"valueName":"search_term_string"}}],"inLanguage":"de"},{"@type":"Organization","@id":"https:\/\/www.nice-team.eu\/wp\/#organization","name":"niCe-Team.eu","url":"https:\/\/www.nice-team.eu\/wp\/","logo":{"@type":"ImageObject","inLanguage":"de","@id":"https:\/\/www.nice-team.eu\/wp\/#\/schema\/logo\/image\/","url":"https:\/\/www.nice-team.eu\/wp\/wp-content\/uploads\/2022\/02\/hi-resolution-transparent-1.png","contentUrl":"https:\/\/www.nice-team.eu\/wp\/wp-content\/uploads\/2022\/02\/hi-resolution-transparent-1.png","width":4001,"height":4001,"caption":"niCe-Team.eu"},"image":{"@id":"https:\/\/www.nice-team.eu\/wp\/#\/schema\/logo\/image\/"},"sameAs":["https:\/\/www.facebook.com\/niCe.Team.eV\/","https:\/\/x.com\/nice_team_ev","https:\/\/www.instagram.com\/niceteam.eu\/","https:\/\/www.youtube.com\/user\/niCeTeamMultigaming"]}]}},"_links":{"self":[{"href":"https:\/\/www.nice-team.eu\/wp\/wp-json\/wp\/v2\/pages\/1433","targetHints":{"allow":["GET"]}}],"collection":[{"href":"https:\/\/www.nice-team.eu\/wp\/wp-json\/wp\/v2\/pages"}],"about":[{"href":"https:\/\/www.nice-team.eu\/wp\/wp-json\/wp\/v2\/types\/page"}],"author":[{"embeddable":true,"href":"https:\/\/www.nice-team.eu\/wp\/wp-json\/wp\/v2\/users\/1"}],"replies":[{"embeddable":true,"href":"https:\/\/www.nice-team.eu\/wp\/wp-json\/wp\/v2\/comments?post=1433"}],"version-history":[{"count":92,"href":"https:\/\/www.nice-team.eu\/wp\/wp-json\/wp\/v2\/pages\/1433\/revisions"}],"predecessor-version":[{"id":3201,"href":"https:\/\/www.nice-team.eu\/wp\/wp-json\/wp\/v2\/pages\/1433\/revisions\/3201"}],"wp:attachment":[{"href":"https:\/\/www.nice-team.eu\/wp\/wp-json\/wp\/v2\/media?parent=1433"}],"curies":[{"name":"wp","href":"https:\/\/api.w.org\/{rel}","templated":true}]}}